{"id":50,"date":"2024-11-18T16:10:58","date_gmt":"2024-11-18T16:10:58","guid":{"rendered":"https:\/\/prosperitylab.ufm.edu\/es\/?page_id=50"},"modified":"2025-07-21T11:35:46","modified_gmt":"2025-07-21T17:35:46","slug":"proyectos","status":"publish","type":"page","link":"https:\/\/prosperitylab.ufm.edu\/es\/proyectos\/","title":{"rendered":"Proyectos"},"content":{"rendered":"\n\n\t\t\t\t<img loading=\"lazy\" decoding=\"async\" src=\"https:\/\/prosperitylab.ufm.edu\/es\/wp-content\/uploads\/2025\/07\/PROSPERITY-LAB_banner1.png\" alt=\"PROSPERITY LAB_banner1\" itemprop=\"image\" height=\"401\" width=\"1921\" title=\"PROSPERITY LAB_banner1\" onerror=\"this.style.display='none'\"  \/>\n<h2>\n\t\tEmpoderar a las personas para construir comunidades pr\u00f3speras: Los proyectos de la UFM hacen posible la prosperidad\n\t<\/h2>\n\t\t\t\t<img loading=\"lazy\" decoding=\"async\" src=\"https:\/\/prosperitylab.ufm.edu\/es\/wp-content\/uploads\/2024\/11\/genesis1.png\" alt=\"genesis1\" itemprop=\"image\" height=\"2304\" width=\"4096\" title=\"genesis1\" onerror=\"this.style.display='none'\"  \/>\n\t<p>Prosperity Lab est\u00e1 comprometido con el fomento de la prosperidad individual como base para crear comunidades pr\u00f3speras. Con la puesta en marcha de diversos proyectos, tratamos de dotar a los individuos con las herramientas, los conocimientos y la confianza necesaria para alcanzar una prosperidad sostenible y duradera. Combinando una rigurosa recopilaci\u00f3n y an\u00e1lisis de datos, la divulgaci\u00f3n educativa y un modelo alternativo de econom\u00eda del desarrollo, nos esforzamos en cultivar entornos en los que pueda florecer el esp\u00edritu emprendedor.<\/p>\n<p>Creemos que el \u00e9xito individual es la clave para lograr una sociedad pr\u00f3spera. A medida que m\u00e1s personas participan en la creaci\u00f3n de valor, se va construyendo un c\u00edrculo virtuoso de generaci\u00f3n de prosperidad, que transforma familias, empresas y comunidades enteras.\u00a0<\/p>\n<h2>\n\t\tProyectos\n\t<\/h2>\n\t\t\t\t\t<a href=\"#\" id=\"fl-accordion--label-0\" tabindex=\"0\" aria-controls=\"fl-accordion--panel-0\">Global Entrepreneurship Monitor &#8211; GEM<\/a>\n\t\t\t\t\t\t\t\t\t\t\t<a href=\"#\" id=\"fl-accordion--icon-0\" tabindex=\"-1\"><i>Expand<\/i><\/a>\n\t\t\t\t<img loading=\"lazy\" decoding=\"async\" src=\"https:\/\/prosperitylab.ufm.edu\/es\/wp-content\/uploads\/bb-plugin\/cache\/IMG_1363a-1-scaled-square-c769484f94e253a992b1a4c2ea47ae2c-iswmhdvgt8lx.jpg\" alt=\"IMG_1363a\" itemprop=\"image\" height=\"2261\" width=\"2560\" title=\"IMG_1363a\" onerror=\"this.style.display='none'\"  \/>\n\t<p>El emprendimiento desempe\u00f1a un papel crucial en el fomento de la prosperidad. Act\u00faa como un poderoso catalizador del crecimiento econ\u00f3mico, impulsando la innovaci\u00f3n, la productividad, creando empleo y abordando algunos de los mayores retos de la sociedad.\u00a0<\/p>\n<p>El Monitor Global de Emprendimiento (GEM) es el mayor estudio de investigaci\u00f3n empresarial del mundo. Lanzado en 1999 e implementado por la UFM en Guatemala desde el 2009, lleva a cabo investigaciones basadas en encuestas sobre emprendimiento y entornos emprendedores a nivel mundial. <\/p>\n\t<p>Utilizando m\u00e9tricas cuantitativas, GEM permite comparaciones con otros pa\u00edses, proporcionando un contexto global para evaluar el emprendimiento en Guatemala.<\/p>\n<p>GEM es una herramienta invaluable que nos acerca a los emprendedores guatemaltecos, permiti\u00e9ndonos entender su desarrollo, identificar sus limitaciones, comprender sus preocupaciones y celebrar sus logros. Adem\u00e1s, facilita las conexiones con una red diversa de individuos en el entorno emprendedor.<\/p>\n\t\t\t\t\t<a href=\"#\" id=\"fl-accordion--label-1\" tabindex=\"0\" aria-controls=\"fl-accordion--panel-1\">Luces de Desarrollo <\/a>\n\t\t\t\t\t\t\t\t\t\t\t<a href=\"#\" id=\"fl-accordion--icon-1\" tabindex=\"-1\"><i>Expand<\/i><\/a>\n\t\t\t\t<img loading=\"lazy\" decoding=\"async\" src=\"https:\/\/prosperitylab.ufm.edu\/es\/wp-content\/uploads\/bb-plugin\/cache\/Luces-square-1440aadb78319f8d6bd418458d56a591-nwzl4tedmf7y.jpg\" alt=\"Luces\" itemprop=\"image\" height=\"1536\" width=\"2048\" title=\"Luces\" onerror=\"this.style.display='none'\"  \/>\n\t<p>Bas\u00e1ndose en la metodolog\u00eda del Sem\u00e1foro de Pobreza, desarrollada por la Fundaci\u00f3n Paraguaya, Luces de Desarrollo trata de empoderar a los individuos para que salgan por s\u00ed mismos de la pobreza. Las familias pueden autoevaluar su nivel de pobreza dentro de su contexto local en tres niveles: pobreza extrema (rojo), pobreza (amarillo) y ausencia de pobreza (verde). Este marco ayuda a las personas a tomar conciencia de su situaci\u00f3n y las anima a dar pasos concretos hacia el cambio, estableciendo prioridades y planes de acci\u00f3n concretos para cambiar esos indicadores.\u00a0\u00a0<\/p>\n\t<p>El proceso comienza con una encuesta que consta de cincuenta indicadores en seis dimensiones de la pobreza multidimensional: ingresos y empleo, salud y medioambiente, vivienda e infraestructuras, educaci\u00f3n y cultura, organizaci\u00f3n y participaci\u00f3n, e interioridad y motivaci\u00f3n. Un facilitador gu\u00eda a los participantes por el cuestionario y presenta los resultados. Con esta informaci\u00f3n y el apoyo del mentor, los participantes priorizan las \u00e1reas en las que desean implementar un plan de acci\u00f3n para mejorar.<\/p>\n\t\t\t\t\t<a href=\"#\" id=\"fl-accordion--label-2\" tabindex=\"0\" aria-controls=\"fl-accordion--panel-2\">Dise\u00f1o de modelos de negocio y financieros<\/a>\n\t\t\t\t\t\t\t\t\t\t\t<a href=\"#\" id=\"fl-accordion--icon-2\" tabindex=\"-1\"><i>Expand<\/i><\/a>\n\t\t\t\t<img loading=\"lazy\" decoding=\"async\" src=\"https:\/\/prosperitylab.ufm.edu\/es\/wp-content\/uploads\/bb-plugin\/cache\/genesis2-square-22c811c0ec9d8320edab9c36d4f3562d-k53ofqrbxvms.png\" alt=\"genesis2\" itemprop=\"image\" height=\"2304\" width=\"4096\" title=\"genesis2\" onerror=\"this.style.display='none'\"  \/>\n\t<p>El proyecto se centra en el an\u00e1lisis de los emprendedores locales, especialmente de familias en la base de la pir\u00e1mide econ\u00f3mica. Este an\u00e1lisis permite identificar los negocios m\u00e1s recurrentes, con el fin de perfilarlos e identificar las mejores pr\u00e1cticas que impulsan el \u00e9xito y la capacidad de crecimiento a largo plazo. El estudio se enfoca en desarrollar modelos de negocio y modelos financieros personalizados para cada tipo de negocio. Este enfoque facilita el crecimiento sostenible a largo plazo de los negocios existentes, al tiempo que sirve de base para los nuevos emprendedores, promoviendo el emprendimiento, contribuyendo as\u00ed a la generaci\u00f3n de prosperidad duradera<\/p>\n\t<p>Los modelos de negocio establecen los elementos esenciales para la gesti\u00f3n de los negocios, y los modelos financieros se enfocan en construir marcos de referencia basados en indicadores financieros b\u00e1sicos que componen cada negocio. Estos modelos sirven como herramientas para una gesti\u00f3n m\u00e1s eficiente, permitiendo a los emprendedores maximizar utilidades y mantener estabilidad financiera. Este enfoque promueve el desarrollo econ\u00f3mico con soluciones estrat\u00e9gicas que fortalecen la sostenibilidad y el \u00e9xito a largo plazo de las iniciativas de emprendimiento.<\/p>\n\t\t\t\t\t<a href=\"#\" id=\"fl-accordion--label-3\" tabindex=\"0\" aria-controls=\"fl-accordion--panel-3\">Centro de Emprendimiento Kirzner <\/a>\n\t\t\t\t\t\t\t\t\t\t\t<a href=\"#\" id=\"fl-accordion--icon-3\" tabindex=\"-1\"><i>Expand<\/i><\/a>\n\t\t\t\t<img loading=\"lazy\" decoding=\"async\" src=\"https:\/\/prosperitylab.ufm.edu\/es\/wp-content\/uploads\/bb-plugin\/cache\/entrepreneurship-forum4a-square-40c7d102e7e0fe438a3b04d921d5159f-f367c8i5urme.jpg\" alt=\"entrepreneurship forum4a\" itemprop=\"image\" height=\"685\" width=\"707\" title=\"entrepreneurship forum4a\" onerror=\"this.style.display='none'\"  \/>\n\t<p>El centro lleva el nombre de Israel Kirzner (nacido en 1930), un destacado acad\u00e9mico de la escuela austriaca de pensamiento econ\u00f3mico, cuya principal \u00e1rea de investigaci\u00f3n se centra en el papel del emprendimiento en la actividad econ\u00f3mica. Establecido para profundizar el estudio y fortalecer el tema del emprendimiento en la UFM y en Guatemala, el centro pretende ser una valiosa fuente de informaci\u00f3n y difusi\u00f3n de las diferentes teor\u00edas, herramientas y procesos que promueven el emprendimiento y apoyan a los emprendedores\u00a0<\/p>\n\t<p>El centro tiene tres enfoques principales:<\/p>\n<ul>\n<li>Educaci\u00f3n. Su objetivo es difundir la teor\u00eda y pr\u00e1ctica del emprendimiento con cursos, talleres, conferencias y programas especiales.<\/li>\n<li>Investigaci\u00f3n. Su objetivo es profundizar nuestra comprensi\u00f3n del emprendimiento, investigando y documentando las historias de empresarios locales y casos de empresas guatemaltecas.<\/li>\n<li>Conexiones. El centro promueve el aprendizaje y la creaci\u00f3n de redes fuera de los l\u00edmites de la UFM con eventos, proyectos y alianzas, concursos y desaf\u00edos.<\/li>\n<\/ul>\n\t\t\t\t\t<a href=\"#\" id=\"fl-accordion--label-4\" tabindex=\"0\" aria-controls=\"fl-accordion--panel-4\">UFM Hubs<\/a>\n\t\t\t\t\t\t\t\t\t\t\t<a href=\"#\" id=\"fl-accordion--icon-4\" tabindex=\"-1\"><i>Expand<\/i><\/a>\n\t\t\t\t<img loading=\"lazy\" decoding=\"async\" src=\"https:\/\/prosperitylab.ufm.edu\/es\/wp-content\/uploads\/bb-plugin\/cache\/Lanzamiento-Prosperity-Lab-UFM-54-scaled-square-3c33872d279a1df5752c7841a042047c-ajszgxrcqbpk.jpg\" alt=\"Lanzamiento Prosperity Lab UFM-54\" itemprop=\"image\" height=\"2560\" width=\"1707\" title=\"Lanzamiento Prosperity Lab UFM-54\" onerror=\"this.style.display='none'\"  \/>\n\t<p>Espacios f\u00edsicos comunitarios, en los que se ofrecen contenidos y actividades educativas para ampliar conocimientos sobre principios de libre mercado, emprendimiento, gesti\u00f3n de negocios, educaci\u00f3n y calidad de vida, para impulsar la prosperidad duradera de la persona, concretamente en el caso de personas que carecen de acceso a la educaci\u00f3n formal.\u00a0<\/p>\n<p>El objetivo principal es fomentar un entorno eficiente e interconectado, que facilite tanto el aprendizaje como la aplicaci\u00f3n pr\u00e1ctica, con herramientas que generen un impacto positivo en la prosperidad de la persona.<\/p>\n\t<p>Cada <i>hub<\/i> estar\u00e1 equipado con herramientas tecnol\u00f3gicas y recursos educativos, a medida que faciliten el intercambio de experiencias y la creaci\u00f3n de itinerarios de aprendizaje personalizados, para satisfacer las necesidades espec\u00edficas de los emprendedores. Estos centros actuar\u00e1n como anclas clave en los esfuerzos de divulgaci\u00f3n de la UFM a las comunidades seleccionadas. Adem\u00e1s de atraer a grupos de estudiantes, los <i>hubs<\/i> tratar\u00e1n de establecer asociaciones con grandes empresas locales, ofreciendo oportunidades educativas a sus colaboradores, clientes y participantes en sus cadenas de valor m\u00e1s amplias.<\/p>\n\t\t\t\t\t<a href=\"#\" id=\"fl-accordion--label-5\" tabindex=\"0\" aria-controls=\"fl-accordion--panel-5\">Centro de Educaci\u00f3n Disruptiva  &#8211;  DEC <\/a>\n\t\t\t\t\t\t\t\t\t\t\t<a href=\"#\" id=\"fl-accordion--icon-5\" tabindex=\"-1\"><i>Expand<\/i><\/a>\n\t\t\t\t<img loading=\"lazy\" decoding=\"async\" src=\"https:\/\/prosperitylab.ufm.edu\/es\/wp-content\/uploads\/2024\/11\/prosperity-lab-dec-ufm.png\" alt=\"prosperity-lab-dec-ufm\" itemprop=\"image\" height=\"3456\" width=\"3456\" title=\"prosperity-lab-dec-ufm\" onerror=\"this.style.display='none'\" srcset=\"https:\/\/prosperitylab.ufm.edu\/es\/wp-content\/uploads\/2024\/11\/prosperity-lab-dec-ufm.png 3456w, https:\/\/prosperitylab.ufm.edu\/es\/wp-content\/uploads\/2024\/11\/prosperity-lab-dec-ufm-300x300.png 300w, https:\/\/prosperitylab.ufm.edu\/es\/wp-content\/uploads\/2024\/11\/prosperity-lab-dec-ufm-1024x1024.png 1024w, https:\/\/prosperitylab.ufm.edu\/es\/wp-content\/uploads\/2024\/11\/prosperity-lab-dec-ufm-150x150.png 150w, https:\/\/prosperitylab.ufm.edu\/es\/wp-content\/uploads\/2024\/11\/prosperity-lab-dec-ufm-768x768.png 768w, https:\/\/prosperitylab.ufm.edu\/es\/wp-content\/uploads\/2024\/11\/prosperity-lab-dec-ufm-1536x1536.png 1536w\" sizes=\"auto, (max-width: 3456px) 100vw, 3456px\" \/>\n\t<p>El Centro de Educaci\u00f3n Disruptiva se centra en la creaci\u00f3n de herramientas innovadoras para la distribuci\u00f3n de contenidos educativos por diversos canales, garantizando la adaptabilidad a diversos p\u00fablicos y el ajuste continuo a las necesidades de los usuarios. El centro ha desarrollado una plataforma de aprendizaje personalizado en l\u00ednea, destinada a ampliar el alcance educativo.<\/p>\n<p>Esta plataforma incluye: a) un proceso autoajustable para establecer puntos de referencia de aprendizaje personalizado; b) rutas de aprendizaje individualizadas y curaci\u00f3n de contenidos orientada al usuario; c) la metodolog\u00eda EdTech que acelera el aprendizaje; y d) circuitos de retroalimentaci\u00f3n que mejoran la integraci\u00f3n de la experiencia del usuario y los resultados.<\/p>\n\t<p>El objetivo es evolucionar continuamente y anticiparse a las necesidades din\u00e1micas de un panorama educativo en constante expansi\u00f3n, llegando a nuevos mercados, capacitando a los individuos y transformando la forma como se comparte el conocimiento. Con la producci\u00f3n de contenidos sobre emprendimiento, libre mercado y otros temas relevantes, la plataforma crear\u00e1 un aprendizaje impactante que fomentar\u00e1 el crecimiento.<\/p>\n\t\t\t\t\t<a href=\"#\" id=\"fl-accordion--label-6\" tabindex=\"0\" aria-controls=\"fl-accordion--panel-6\">Di\u00e1logos socr\u00e1ticos<\/a>\n\t\t\t\t\t\t\t\t\t\t\t<a href=\"#\" id=\"fl-accordion--icon-6\" tabindex=\"-1\"><i>Expand<\/i><\/a>\n\t\t\t\t<img loading=\"lazy\" decoding=\"async\" src=\"https:\/\/prosperitylab.ufm.edu\/es\/wp-content\/uploads\/bb-plugin\/cache\/20241031_135635_SQ-1024x1024-square-52ee18cd612fbe090dbf65fa27f42819-twaknqmf0ycj.jpg\" alt=\"Seminar\" itemprop=\"image\" height=\"1024\" width=\"1024\" title=\"Seminar\" onerror=\"this.style.display='none'\"  \/>\n\t<p>Este proyecto comprende conversaciones estructuradas y din\u00e1micas que animan a los participantes a comprometerse activamente con el pensamiento cr\u00edtico y el cuestionamiento. Su objetivo es profundizar en la comprensi\u00f3n de los principios esenciales en los que se basan el libre mercado y el emprendimiento, fundamentales para una prosperidad sostenible. Con la ayuda de estos di\u00e1logos, los participantes examinan cr\u00edticamente y contrastan estos principios fundamentales con los que defienden los sistemas de bienestar contempor\u00e1neos y los modelos intervencionistas, que hist\u00f3ricamente han fracasado a la hora de alcanzar sus objetivos, consistentes en fomentar el desarrollo y el crecimiento econ\u00f3mico. <\/p>\n\t<p>Estas sesiones est\u00e1n dise\u00f1adas intencionadamente para animar a los participantes a cuestionar y replantearse sus supuestos subyacentes, perfeccionar su comprensi\u00f3n de las teor\u00edas econ\u00f3micas y cultivar una apreciaci\u00f3n m\u00e1s profunda del papel que desempe\u00f1an los principios del libre mercado y el emprendimiento innovador en el impulso del crecimiento econ\u00f3mico, el fomento de la innovaci\u00f3n y la prosperidad a largo plazo.<\/p>\n\t\t\t\t\t<a href=\"#\" id=\"fl-accordion--label-7\" tabindex=\"0\" aria-controls=\"fl-accordion--panel-7\">The Essentials of Freedom<\/a>\n\t\t\t\t\t\t\t\t\t\t\t<a href=\"#\" id=\"fl-accordion--icon-7\" tabindex=\"-1\"><i>Expand<\/i><\/a>\n\t\t\t\t<img loading=\"lazy\" decoding=\"async\" src=\"https:\/\/prosperitylab.ufm.edu\/es\/wp-content\/uploads\/bb-plugin\/cache\/entrepreneurship-forum4-1-square-59ae2d63465f5799695a97a7bead4de3-n65olihwtxzg.jpg\" alt=\"entrepreneurship forum4\" itemprop=\"image\" height=\"685\" width=\"727\" title=\"entrepreneurship forum4\" onerror=\"this.style.display='none'\"  \/>\n\t<p>Es una iniciativa destinada a crear y difundir materiales did\u00e1cticos que transmitan eficazmente los principios fundamentales de la libertad y la econom\u00eda de libre mercado. Estos recursos se pondr\u00e1n a disposici\u00f3n tanto de particulares como de organizaciones, con el objetivo de ampliar la comprensi\u00f3n y apreciaci\u00f3n de estos conceptos entre p\u00fablicos diversos.<\/p>\n<p>Con este proyecto se pretende introducir a nuevos p\u00fablicos en las ideas fundamentales de la libertad, desarrollando contenidos basados en las instituciones, tradiciones, creencias, <\/p>\n\t<p>Al presentar estas ideas de forma accesible y atractiva, el proyecto promueve una comprensi\u00f3n m\u00e1s profunda de los valores inherentes a las sociedades libres.<\/p>\n<p>Este enfoque garantiza que los interesados puedan ver la relevancia de estos principios en contextos contempor\u00e1neos, fomentando un mayor aprecio por el papel que la libertad individual y los mercados libres desempe\u00f1an en el impulso de la prosperidad.<\/p>\n\n","protected":false},"excerpt":{"rendered":"<p>Empoderar a las personas para construir comunidades pr\u00f3speras: Los proyectos de la UFM hacen posible la prosperidad Prosperity Lab est\u00e1 comprometido con el fomento de la prosperidad individual como base para crear comunidades pr\u00f3speras. Con la puesta en marcha de diversos proyectos, tratamos de dotar a los individuos con las herramientas, los conocimientos y la&hellip;<\/p>\n","protected":false},"author":1,"featured_media":0,"parent":0,"menu_order":0,"comment_status":"closed","ping_status":"closed","template":"","meta":{"footnotes":""},"class_list":["post-50","page","type-page","status-publish","hentry"],"yoast_head":"<!-- This site is optimized with the Yoast SEO plugin v25.7 - https:\/\/yoast.com\/wordpress\/plugins\/seo\/ -->\n<title>Proyectos - Prosperity Lab<\/title>\n<meta name=\"robots\" content=\"index, follow, max-snippet:-1, max-image-preview:large, max-video-preview:-1\" \/>\n<link rel=\"canonical\" href=\"https:\/\/prosperitylab.ufm.edu\/es\/proyectos\/\" \/>\n<meta property=\"og:locale\" content=\"es_ES\" \/>\n<meta property=\"og:type\" content=\"article\" \/>\n<meta property=\"og:title\" content=\"Proyectos - Prosperity Lab\" \/>\n<meta property=\"og:description\" content=\"Empoderar a las personas para construir comunidades pr\u00f3speras: Los proyectos de la UFM hacen posible la prosperidad Prosperity Lab est\u00e1 comprometido con el fomento de la prosperidad individual como base para crear comunidades pr\u00f3speras. Con la puesta en marcha de diversos proyectos, tratamos de dotar a los individuos con las herramientas, los conocimientos y la&hellip;\" \/>\n<meta property=\"og:url\" content=\"https:\/\/prosperitylab.ufm.edu\/es\/proyectos\/\" \/>\n<meta property=\"og:site_name\" content=\"Prosperity Lab\" \/>\n<meta property=\"article:modified_time\" content=\"2025-07-21T17:35:46+00:00\" \/>\n<meta property=\"og:image\" content=\"https:\/\/prosperitylab.ufm.edu\/es\/wp-content\/uploads\/2025\/07\/PROSPERITY-LAB_banner1.png\" \/>\n<meta name=\"twitter:card\" content=\"summary_large_image\" \/>\n<meta name=\"twitter:label1\" content=\"Tiempo de lectura\" \/>\n\t<meta name=\"twitter:data1\" content=\"8 minutos\" \/>\n<script type=\"application\/ld+json\" class=\"yoast-schema-graph\">{\"@context\":\"https:\/\/schema.org\",\"@graph\":[{\"@type\":\"WebPage\",\"@id\":\"https:\/\/prosperitylab.ufm.edu\/es\/proyectos\/\",\"url\":\"https:\/\/prosperitylab.ufm.edu\/es\/proyectos\/\",\"name\":\"Proyectos - Prosperity Lab\",\"isPartOf\":{\"@id\":\"https:\/\/prosperitylab.ufm.edu\/es\/#website\"},\"primaryImageOfPage\":{\"@id\":\"https:\/\/prosperitylab.ufm.edu\/es\/proyectos\/#primaryimage\"},\"image\":{\"@id\":\"https:\/\/prosperitylab.ufm.edu\/es\/proyectos\/#primaryimage\"},\"thumbnailUrl\":\"https:\/\/prosperitylab.ufm.edu\/es\/wp-content\/uploads\/2025\/07\/PROSPERITY-LAB_banner1.png\",\"datePublished\":\"2024-11-18T16:10:58+00:00\",\"dateModified\":\"2025-07-21T17:35:46+00:00\",\"breadcrumb\":{\"@id\":\"https:\/\/prosperitylab.ufm.edu\/es\/proyectos\/#breadcrumb\"},\"inLanguage\":\"es\",\"potentialAction\":[{\"@type\":\"ReadAction\",\"target\":[\"https:\/\/prosperitylab.ufm.edu\/es\/proyectos\/\"]}]},{\"@type\":\"ImageObject\",\"inLanguage\":\"es\",\"@id\":\"https:\/\/prosperitylab.ufm.edu\/es\/proyectos\/#primaryimage\",\"url\":\"https:\/\/prosperitylab.ufm.edu\/es\/wp-content\/uploads\/2025\/07\/PROSPERITY-LAB_banner1.png\",\"contentUrl\":\"https:\/\/prosperitylab.ufm.edu\/es\/wp-content\/uploads\/2025\/07\/PROSPERITY-LAB_banner1.png\",\"width\":1921,\"height\":401},{\"@type\":\"BreadcrumbList\",\"@id\":\"https:\/\/prosperitylab.ufm.edu\/es\/proyectos\/#breadcrumb\",\"itemListElement\":[{\"@type\":\"ListItem\",\"position\":1,\"name\":\"Home\",\"item\":\"https:\/\/prosperitylab.ufm.edu\/es\/\"},{\"@type\":\"ListItem\",\"position\":2,\"name\":\"Proyectos\"}]},{\"@type\":\"WebSite\",\"@id\":\"https:\/\/prosperitylab.ufm.edu\/es\/#website\",\"url\":\"https:\/\/prosperitylab.ufm.edu\/es\/\",\"name\":\"Prosperity Lab\",\"description\":\"Universidad Francisco Marroqu\u00edn\",\"publisher\":{\"@id\":\"https:\/\/prosperitylab.ufm.edu\/es\/#organization\"},\"potentialAction\":[{\"@type\":\"SearchAction\",\"target\":{\"@type\":\"EntryPoint\",\"urlTemplate\":\"https:\/\/prosperitylab.ufm.edu\/es\/?s={search_term_string}\"},\"query-input\":{\"@type\":\"PropertyValueSpecification\",\"valueRequired\":true,\"valueName\":\"search_term_string\"}}],\"inLanguage\":\"es\"},{\"@type\":\"Organization\",\"@id\":\"https:\/\/prosperitylab.ufm.edu\/es\/#organization\",\"name\":\"Prosperity Lab\",\"url\":\"https:\/\/prosperitylab.ufm.edu\/es\/\",\"logo\":{\"@type\":\"ImageObject\",\"inLanguage\":\"es\",\"@id\":\"https:\/\/prosperitylab.ufm.edu\/es\/#\/schema\/logo\/image\/\",\"url\":\"https:\/\/prosperitylab.ufm.edu\/es\/wp-content\/uploads\/2024\/11\/0_02-LOGO_Negro-Prosperity-Lab.png\",\"contentUrl\":\"https:\/\/prosperitylab.ufm.edu\/es\/wp-content\/uploads\/2024\/11\/0_02-LOGO_Negro-Prosperity-Lab.png\",\"width\":1437,\"height\":479,\"caption\":\"Prosperity Lab\"},\"image\":{\"@id\":\"https:\/\/prosperitylab.ufm.edu\/es\/#\/schema\/logo\/image\/\"}}]}<\/script>\n<!-- \/ Yoast SEO plugin. -->","yoast_head_json":{"title":"Proyectos - Prosperity Lab","robots":{"index":"index","follow":"follow","max-snippet":"max-snippet:-1","max-image-preview":"max-image-preview:large","max-video-preview":"max-video-preview:-1"},"canonical":"https:\/\/prosperitylab.ufm.edu\/es\/proyectos\/","og_locale":"es_ES","og_type":"article","og_title":"Proyectos - Prosperity Lab","og_description":"Empoderar a las personas para construir comunidades pr\u00f3speras: Los proyectos de la UFM hacen posible la prosperidad Prosperity Lab est\u00e1 comprometido con el fomento de la prosperidad individual como base para crear comunidades pr\u00f3speras. Con la puesta en marcha de diversos proyectos, tratamos de dotar a los individuos con las herramientas, los conocimientos y la&hellip;","og_url":"https:\/\/prosperitylab.ufm.edu\/es\/proyectos\/","og_site_name":"Prosperity Lab","article_modified_time":"2025-07-21T17:35:46+00:00","og_image":[{"url":"https:\/\/prosperitylab.ufm.edu\/es\/wp-content\/uploads\/2025\/07\/PROSPERITY-LAB_banner1.png","type":"","width":"","height":""}],"twitter_card":"summary_large_image","twitter_misc":{"Tiempo de lectura":"8 minutos"},"schema":{"@context":"https:\/\/schema.org","@graph":[{"@type":"WebPage","@id":"https:\/\/prosperitylab.ufm.edu\/es\/proyectos\/","url":"https:\/\/prosperitylab.ufm.edu\/es\/proyectos\/","name":"Proyectos - Prosperity Lab","isPartOf":{"@id":"https:\/\/prosperitylab.ufm.edu\/es\/#website"},"primaryImageOfPage":{"@id":"https:\/\/prosperitylab.ufm.edu\/es\/proyectos\/#primaryimage"},"image":{"@id":"https:\/\/prosperitylab.ufm.edu\/es\/proyectos\/#primaryimage"},"thumbnailUrl":"https:\/\/prosperitylab.ufm.edu\/es\/wp-content\/uploads\/2025\/07\/PROSPERITY-LAB_banner1.png","datePublished":"2024-11-18T16:10:58+00:00","dateModified":"2025-07-21T17:35:46+00:00","breadcrumb":{"@id":"https:\/\/prosperitylab.ufm.edu\/es\/proyectos\/#breadcrumb"},"inLanguage":"es","potentialAction":[{"@type":"ReadAction","target":["https:\/\/prosperitylab.ufm.edu\/es\/proyectos\/"]}]},{"@type":"ImageObject","inLanguage":"es","@id":"https:\/\/prosperitylab.ufm.edu\/es\/proyectos\/#primaryimage","url":"https:\/\/prosperitylab.ufm.edu\/es\/wp-content\/uploads\/2025\/07\/PROSPERITY-LAB_banner1.png","contentUrl":"https:\/\/prosperitylab.ufm.edu\/es\/wp-content\/uploads\/2025\/07\/PROSPERITY-LAB_banner1.png","width":1921,"height":401},{"@type":"BreadcrumbList","@id":"https:\/\/prosperitylab.ufm.edu\/es\/proyectos\/#breadcrumb","itemListElement":[{"@type":"ListItem","position":1,"name":"Home","item":"https:\/\/prosperitylab.ufm.edu\/es\/"},{"@type":"ListItem","position":2,"name":"Proyectos"}]},{"@type":"WebSite","@id":"https:\/\/prosperitylab.ufm.edu\/es\/#website","url":"https:\/\/prosperitylab.ufm.edu\/es\/","name":"Prosperity Lab","description":"Universidad Francisco Marroqu\u00edn","publisher":{"@id":"https:\/\/prosperitylab.ufm.edu\/es\/#organization"},"potentialAction":[{"@type":"SearchAction","target":{"@type":"EntryPoint","urlTemplate":"https:\/\/prosperitylab.ufm.edu\/es\/?s={search_term_string}"},"query-input":{"@type":"PropertyValueSpecification","valueRequired":true,"valueName":"search_term_string"}}],"inLanguage":"es"},{"@type":"Organization","@id":"https:\/\/prosperitylab.ufm.edu\/es\/#organization","name":"Prosperity Lab","url":"https:\/\/prosperitylab.ufm.edu\/es\/","logo":{"@type":"ImageObject","inLanguage":"es","@id":"https:\/\/prosperitylab.ufm.edu\/es\/#\/schema\/logo\/image\/","url":"https:\/\/prosperitylab.ufm.edu\/es\/wp-content\/uploads\/2024\/11\/0_02-LOGO_Negro-Prosperity-Lab.png","contentUrl":"https:\/\/prosperitylab.ufm.edu\/es\/wp-content\/uploads\/2024\/11\/0_02-LOGO_Negro-Prosperity-Lab.png","width":1437,"height":479,"caption":"Prosperity Lab"},"image":{"@id":"https:\/\/prosperitylab.ufm.edu\/es\/#\/schema\/logo\/image\/"}}]}},"meta_box":[],"_links":{"self":[{"href":"https:\/\/prosperitylab.ufm.edu\/es\/wp-json\/wp\/v2\/pages\/50","targetHints":{"allow":["GET"]}}],"collection":[{"href":"https:\/\/prosperitylab.ufm.edu\/es\/wp-json\/wp\/v2\/pages"}],"about":[{"href":"https:\/\/prosperitylab.ufm.edu\/es\/wp-json\/wp\/v2\/types\/page"}],"author":[{"embeddable":true,"href":"https:\/\/prosperitylab.ufm.edu\/es\/wp-json\/wp\/v2\/users\/1"}],"replies":[{"embeddable":true,"href":"https:\/\/prosperitylab.ufm.edu\/es\/wp-json\/wp\/v2\/comments?post=50"}],"version-history":[{"count":25,"href":"https:\/\/prosperitylab.ufm.edu\/es\/wp-json\/wp\/v2\/pages\/50\/revisions"}],"predecessor-version":[{"id":433,"href":"https:\/\/prosperitylab.ufm.edu\/es\/wp-json\/wp\/v2\/pages\/50\/revisions\/433"}],"wp:attachment":[{"href":"https:\/\/prosperitylab.ufm.edu\/es\/wp-json\/wp\/v2\/media?parent=50"}],"curies":[{"name":"wp","href":"https:\/\/api.w.org\/{rel}","templated":true}]}}