{"id":9,"date":"2024-11-14T18:53:55","date_gmt":"2024-11-14T18:53:55","guid":{"rendered":"https:\/\/prosperitylab.ufm.edu\/es\/?page_id=9"},"modified":"2025-07-29T07:39:42","modified_gmt":"2025-07-29T13:39:42","slug":"prosperitylab","status":"publish","type":"page","link":"https:\/\/prosperitylab.ufm.edu\/es\/","title":{"rendered":"Prosperity Lab"},"content":{"rendered":"\n\n\t\t\t\t<img loading=\"lazy\" decoding=\"async\" src=\"https:\/\/prosperitylab.ufm.edu\/es\/wp-content\/uploads\/2025\/07\/PROSPERITY-LAB_banner4.png\" alt=\"PROSPERITY LAB_banner4\" itemprop=\"image\" height=\"401\" width=\"1921\" title=\"PROSPERITY LAB_banner4\" onerror=\"this.style.display='none'\"  \/>\n<h2>\n\t\tLa acci\u00f3n humana intencionada es, en \u00faltima instancia, el impulsor clave de la prosperidad. Las personas tienen objetivos y planes, y act\u00faan para alcanzarlos.  \n\t<\/h2>\n\t\t\t\t<img loading=\"lazy\" decoding=\"async\" src=\"https:\/\/prosperitylab.ufm.edu\/es\/wp-content\/uploads\/2024\/11\/volvan-2-1024x1024.png\" alt=\"volvan-2\" itemprop=\"image\" height=\"1024\" width=\"1024\" title=\"volvan-2\" onerror=\"this.style.display='none'\"  \/>\n\t<p>Durante m\u00e1s de cincuenta a\u00f1os, la UFM ha ense\u00f1ado -principalmente en las aulas universitarias- los principios \u00e9ticos, jur\u00eddicos y econ\u00f3micos imprescindibles para apoyar el surgimiento de econom\u00edas orientadas a la libertad y basadas en el libre mercado. Ahora tratamos de compartir m\u00e1s ampliamente estas ideas fundamentales.\u00a0<\/p>\n<p>Con la creaci\u00f3n de Prosperity Lab, la UFM intenta acelerar la generaci\u00f3n de prosperidad y mejorar la calidad de vida en comunidades en desarrollo, mediante la creaci\u00f3n de nuevos conocimientos, basados en datos sobre sociedades emprendedoras pr\u00f3speras y la difusi\u00f3n de contenido educativo relevante a un nuevo p\u00fablico fuera de la comunidad acad\u00e9mica tradicional.<\/p>\n<p>Su visi\u00f3n es catalizar el surgimiento de sociedades emprendedoras y din\u00e1micas, conformadas por individuos libres, capaces de generar e intercambiar valor. Estas sociedades sostienen instituciones que resguardan la libertad individual y promueven el florecimiento humano en todas sus dimensiones.<\/p>\n<p>El prop\u00f3sito central del proyecto es demostrar, perfeccionar y compartir un modelo alternativo para el desarrollo econ\u00f3mico, centrado en el individuo y en los principios del libre mercado. Se trata de construir una v\u00eda m\u00e1s expedita y sostenible hacia una vida pr\u00f3spera.<\/p>\n\t<p>En esencia, al poner el conocimiento local y el aprendizaje humano en el centro del modelo de desarrollo, UFM Prosperity Lab puede impulsar la innovaci\u00f3n y el emprendimiento, generando as\u00ed un c\u00edrculo virtuoso, desde el que acelerar la prosperidad y mejorar la calidad de vida.<\/p>\n<p>Las sociedades emprendedoras, en las que m\u00e1s personas se involucran para crear valor, dan lugar a econom\u00edas din\u00e1micas que se desarrollan a partir de las fortalezas individuales. Creemos que, ayudando a los actores econ\u00f3micos en todos los niveles a comprender este nuevo modelo de desarrollo, podemos generar prosperidad duradera y una mejor calidad de vida para m\u00e1s personas.<\/p>\n\t\t\t\t<img loading=\"lazy\" decoding=\"async\" src=\"https:\/\/prosperitylab.ufm.edu\/es\/wp-content\/uploads\/2025\/07\/PROSPERITY-LAB_banner5.png\" alt=\"PROSPERITY LAB_banner5\" itemprop=\"image\" height=\"600\" width=\"1920\" title=\"PROSPERITY LAB_banner5\" onerror=\"this.style.display='none'\"  \/>\n<h2>\n\t\t\u00a1UFM Prosperity Lab busca abrir la puerta a esta nueva frontera!\n\t<\/h2>\n\t<p>UFM Prosperity Lab pretende acelerar la creaci\u00f3n de prosperidad y mejorar la calidad de vida en las comunidades en desarrollo, con la creaci\u00f3n de nuevos conocimientos, basados en datos, sobre las sociedades emprendedoras y pr\u00f3speras. Tambi\u00e9n ofrecer contenidos educativos relevantes a un p\u00fablico que va m\u00e1s all\u00e1 de la comunidad acad\u00e9mica tradicional.<\/p>\n<p>Los objetivos centrales del proyecto orientan tres \u00e1reas clave de acci\u00f3n.<\/p>\n<p>&nbsp;<\/p>\n\t\t\t\t<img loading=\"lazy\" decoding=\"async\" src=\"https:\/\/prosperitylab.ufm.edu\/es\/wp-content\/uploads\/2025\/07\/DIAGRAMA_PROSPERYLABS_ESPANOL_UFM-scaled.png\" alt=\"DIAGRAMA_PROSPERYLABS_ESPA\u00d1OL_UFM\" itemprop=\"image\" height=\"2019\" width=\"2560\" title=\"DIAGRAMA_PROSPERYLABS_ESPA\u00d1OL_UFM\" onerror=\"this.style.display='none'\"  \/>\n<h2>\n\t\tRecopilaci\u00f3n y an\u00e1lisis de datos\n\t<\/h2>\n\t<p>Nuestro objetivo es mejorar la comprensi\u00f3n de los factores que impulsan el \u00e9xito emprendedor y la creaci\u00f3n acelerada de prosperidad, con la recopilaci\u00f3n y el an\u00e1lisis de una amplia gama de datos relacionados con econom\u00eda, emprendimiento, educaci\u00f3n y calidad de vida.<\/p>\n<p>Prosperity Lab ampliar\u00e1 nuestros esfuerzos de an\u00e1lisis de datos para identificar las pr\u00e1cticas m\u00e1s eficaces en acelerar la innovaci\u00f3n y el crecimiento econ\u00f3mico.\u00a0<\/p>\n<p>Durante m\u00e1s de una d\u00e9cada, nuestra asociaci\u00f3n con el Global Entrepreneurship Monitor (GEM) ha permitido a la UFM recopilar y analizar datos emp\u00edricos sobre emprendimiento en Guatemala, proporcionando una visi\u00f3n m\u00e1s profunda de los obst\u00e1culos y oportunidades para fomentar la prosperidad.\u00a0<\/p>\n<p>En el 2023, la UFM tambi\u00e9n lanz\u00f3 Luces de Desarrollo, que emplea la metodolog\u00eda del Sem\u00e1foro de Pobreza, desarrollada por la Fundaci\u00f3n Paraguaya, para empoderar a las personas que se enfrentan con la pobreza multidimensional.\u00a0<\/p>\n<p>Mediante estas y otras iniciativas, pretendemos ampliar la recopilaci\u00f3n de datos, mejorando las investigaciones emp\u00edricas y profundizando nuestra comprensi\u00f3n de los componentes cr\u00edticos del desarrollo econ\u00f3mico para las familias, los negocios, las comunidades y las naciones.<\/p>\n<h2>\n\t\tDesarrollo de contenidos\n\t<\/h2>\n\t<p>El objetivo es promover el aprendizaje de la econom\u00eda de mercado, el emprendimiento y los principios de libertad entre emprendedores, l\u00edderes empresariales, individuos y familias. Pretendemos lograrlo desarrollando nuevos contenidos y canales de difusi\u00f3n para p\u00fablicos no tradicionales.<\/p>\n<p>La UFM es l\u00edder mundial en educaci\u00f3n, pero hasta hace poco nuestros programas educativos han estado principalmente disponibles para aquellos que se inscriben en planes de estudios universitarios formales. Sin embargo, en los pa\u00edses en desarrollo, la prosperidad no puede depender \u00fanicamente de los individuos que completan la educaci\u00f3n universitaria. Prosperity Lab aprovechar\u00e1 la experiencia educativa de la UFM para ampliar nuestro alcance hacia audiencias no tradicionales, con nuevos contenidos educativos y nuevos canales de difusi\u00f3n.<\/p>\n<h2>\n\t\tDesarrollar y difundir un nuevo modelo de desarrollo econ\u00f3mico\n\t<\/h2>\n\t<p>Fortalecer la teor\u00eda, el dise\u00f1o institucional y la acci\u00f3n pr\u00e1ctica que respaldan el florecimiento de sociedades emprendedoras es uno de los ejes del Prosperity Lab. Para ello, proyectamos atraer a una comunidad internacional de acad\u00e9micos y profesionales comprometidos en comprender a fondo los factores que impulsan la prosperidad y mejorar la calidad de vida. Esta colaboraci\u00f3n permitir\u00e1 enriquecer el conocimiento y las estrategias que promueven la libertad individual y la creaci\u00f3n de valor.<\/p>\n<p>Tal como lo expresa la declaraci\u00f3n filos\u00f3fica de la UFM: \u00abToda pr\u00e1ctica implica la aplicaci\u00f3n de una teor\u00eda, aunque quien act\u00faa no sea consciente de ello\u00bb. Inspirados por esta idea, nos proponemos cuestionar las teor\u00edas predominantes del desarrollo y explorar nuevos marcos que nos permitan generar prosperidad de forma m\u00e1s efectiva y sostenible.\u00a0<\/p>\n<p>Intentamos transformar la conversaci\u00f3n global sobre desarrollo econ\u00f3mico y contribuir con propuestas innovadoras, basadas en datos, que respeten la libertad individual y resulten m\u00e1s efectivas para generar prosperidad en los pa\u00edses que hoy afrontan grandes desaf\u00edos.<\/p>\n\n","protected":false},"excerpt":{"rendered":"<p>La acci\u00f3n humana intencionada es, en \u00faltima instancia, el impulsor clave de la prosperidad. Las personas tienen objetivos y planes, y act\u00faan para alcanzarlos. Durante m\u00e1s de cincuenta a\u00f1os, la UFM ha ense\u00f1ado -principalmente en las aulas universitarias- los principios \u00e9ticos, jur\u00eddicos y econ\u00f3micos imprescindibles para apoyar el surgimiento de econom\u00edas orientadas a la libertad&hellip;<\/p>\n","protected":false},"author":1,"featured_media":0,"parent":0,"menu_order":0,"comment_status":"closed","ping_status":"closed","template":"","meta":{"footnotes":""},"class_list":["post-9","page","type-page","status-publish","hentry"],"yoast_head":"<!-- This site is optimized with the Yoast SEO plugin v25.7 - https:\/\/yoast.com\/wordpress\/plugins\/seo\/ -->\n<title>Prosperity Lab - Prosperity Lab<\/title>\n<meta name=\"robots\" content=\"index, follow, max-snippet:-1, max-image-preview:large, max-video-preview:-1\" \/>\n<link rel=\"canonical\" href=\"https:\/\/prosperitylab.ufm.edu\/es\/\" \/>\n<meta property=\"og:locale\" content=\"es_ES\" \/>\n<meta property=\"og:type\" content=\"article\" \/>\n<meta property=\"og:title\" content=\"Prosperity Lab - Prosperity Lab\" \/>\n<meta property=\"og:description\" content=\"La acci\u00f3n humana intencionada es, en \u00faltima instancia, el impulsor clave de la prosperidad. Las personas tienen objetivos y planes, y act\u00faan para alcanzarlos. Durante m\u00e1s de cincuenta a\u00f1os, la UFM ha ense\u00f1ado -principalmente en las aulas universitarias- los principios \u00e9ticos, jur\u00eddicos y econ\u00f3micos imprescindibles para apoyar el surgimiento de econom\u00edas orientadas a la libertad&hellip;\" \/>\n<meta property=\"og:url\" content=\"https:\/\/prosperitylab.ufm.edu\/es\/\" \/>\n<meta property=\"og:site_name\" content=\"Prosperity Lab\" \/>\n<meta property=\"article:modified_time\" content=\"2025-07-29T13:39:42+00:00\" \/>\n<meta property=\"og:image\" content=\"https:\/\/prosperitylab.ufm.edu\/es\/wp-content\/uploads\/2024\/12\/UFM-Prosperity-Lab.png\" \/>\n\t<meta property=\"og:image:width\" content=\"200\" \/>\n\t<meta property=\"og:image:height\" content=\"200\" \/>\n\t<meta property=\"og:image:type\" content=\"image\/png\" \/>\n<meta name=\"twitter:card\" content=\"summary_large_image\" \/>\n<meta name=\"twitter:label1\" content=\"Tiempo de lectura\" \/>\n\t<meta name=\"twitter:data1\" content=\"7 minutos\" \/>\n<script type=\"application\/ld+json\" class=\"yoast-schema-graph\">{\"@context\":\"https:\/\/schema.org\",\"@graph\":[{\"@type\":\"WebPage\",\"@id\":\"https:\/\/prosperitylab.ufm.edu\/es\/\",\"url\":\"https:\/\/prosperitylab.ufm.edu\/es\/\",\"name\":\"Prosperity Lab - Prosperity Lab\",\"isPartOf\":{\"@id\":\"https:\/\/prosperitylab.ufm.edu\/es\/#website\"},\"primaryImageOfPage\":{\"@id\":\"https:\/\/prosperitylab.ufm.edu\/es\/#primaryimage\"},\"image\":{\"@id\":\"https:\/\/prosperitylab.ufm.edu\/es\/#primaryimage\"},\"thumbnailUrl\":\"https:\/\/prosperitylab.ufm.edu\/es\/wp-content\/uploads\/2025\/07\/PROSPERITY-LAB_banner4.png\",\"datePublished\":\"2024-11-14T18:53:55+00:00\",\"dateModified\":\"2025-07-29T13:39:42+00:00\",\"breadcrumb\":{\"@id\":\"https:\/\/prosperitylab.ufm.edu\/es\/#breadcrumb\"},\"inLanguage\":\"es\",\"potentialAction\":[{\"@type\":\"ReadAction\",\"target\":[\"https:\/\/prosperitylab.ufm.edu\/es\/\"]}]},{\"@type\":\"ImageObject\",\"inLanguage\":\"es\",\"@id\":\"https:\/\/prosperitylab.ufm.edu\/es\/#primaryimage\",\"url\":\"https:\/\/prosperitylab.ufm.edu\/es\/wp-content\/uploads\/2025\/07\/PROSPERITY-LAB_banner4.png\",\"contentUrl\":\"https:\/\/prosperitylab.ufm.edu\/es\/wp-content\/uploads\/2025\/07\/PROSPERITY-LAB_banner4.png\",\"width\":1921,\"height\":401},{\"@type\":\"BreadcrumbList\",\"@id\":\"https:\/\/prosperitylab.ufm.edu\/es\/#breadcrumb\",\"itemListElement\":[{\"@type\":\"ListItem\",\"position\":1,\"name\":\"Home\",\"item\":\"https:\/\/prosperitylab.ufm.edu\/es\/\"},{\"@type\":\"ListItem\",\"position\":2,\"name\":\"Prosperity Lab\"}]},{\"@type\":\"WebSite\",\"@id\":\"https:\/\/prosperitylab.ufm.edu\/es\/#website\",\"url\":\"https:\/\/prosperitylab.ufm.edu\/es\/\",\"name\":\"Prosperity Lab\",\"description\":\"Universidad Francisco Marroqu\u00edn\",\"publisher\":{\"@id\":\"https:\/\/prosperitylab.ufm.edu\/es\/#organization\"},\"potentialAction\":[{\"@type\":\"SearchAction\",\"target\":{\"@type\":\"EntryPoint\",\"urlTemplate\":\"https:\/\/prosperitylab.ufm.edu\/es\/?s={search_term_string}\"},\"query-input\":{\"@type\":\"PropertyValueSpecification\",\"valueRequired\":true,\"valueName\":\"search_term_string\"}}],\"inLanguage\":\"es\"},{\"@type\":\"Organization\",\"@id\":\"https:\/\/prosperitylab.ufm.edu\/es\/#organization\",\"name\":\"Prosperity Lab\",\"url\":\"https:\/\/prosperitylab.ufm.edu\/es\/\",\"logo\":{\"@type\":\"ImageObject\",\"inLanguage\":\"es\",\"@id\":\"https:\/\/prosperitylab.ufm.edu\/es\/#\/schema\/logo\/image\/\",\"url\":\"https:\/\/prosperitylab.ufm.edu\/es\/wp-content\/uploads\/2024\/11\/0_02-LOGO_Negro-Prosperity-Lab.png\",\"contentUrl\":\"https:\/\/prosperitylab.ufm.edu\/es\/wp-content\/uploads\/2024\/11\/0_02-LOGO_Negro-Prosperity-Lab.png\",\"width\":1437,\"height\":479,\"caption\":\"Prosperity Lab\"},\"image\":{\"@id\":\"https:\/\/prosperitylab.ufm.edu\/es\/#\/schema\/logo\/image\/\"}}]}<\/script>\n<!-- \/ Yoast SEO plugin. -->","yoast_head_json":{"title":"Prosperity Lab - Prosperity Lab","robots":{"index":"index","follow":"follow","max-snippet":"max-snippet:-1","max-image-preview":"max-image-preview:large","max-video-preview":"max-video-preview:-1"},"canonical":"https:\/\/prosperitylab.ufm.edu\/es\/","og_locale":"es_ES","og_type":"article","og_title":"Prosperity Lab - Prosperity Lab","og_description":"La acci\u00f3n humana intencionada es, en \u00faltima instancia, el impulsor clave de la prosperidad. Las personas tienen objetivos y planes, y act\u00faan para alcanzarlos. Durante m\u00e1s de cincuenta a\u00f1os, la UFM ha ense\u00f1ado -principalmente en las aulas universitarias- los principios \u00e9ticos, jur\u00eddicos y econ\u00f3micos imprescindibles para apoyar el surgimiento de econom\u00edas orientadas a la libertad&hellip;","og_url":"https:\/\/prosperitylab.ufm.edu\/es\/","og_site_name":"Prosperity Lab","article_modified_time":"2025-07-29T13:39:42+00:00","og_image":[{"width":200,"height":200,"url":"https:\/\/prosperitylab.ufm.edu\/es\/wp-content\/uploads\/2024\/12\/UFM-Prosperity-Lab.png","type":"image\/png"}],"twitter_card":"summary_large_image","twitter_misc":{"Tiempo de lectura":"7 minutos"},"schema":{"@context":"https:\/\/schema.org","@graph":[{"@type":"WebPage","@id":"https:\/\/prosperitylab.ufm.edu\/es\/","url":"https:\/\/prosperitylab.ufm.edu\/es\/","name":"Prosperity Lab - Prosperity Lab","isPartOf":{"@id":"https:\/\/prosperitylab.ufm.edu\/es\/#website"},"primaryImageOfPage":{"@id":"https:\/\/prosperitylab.ufm.edu\/es\/#primaryimage"},"image":{"@id":"https:\/\/prosperitylab.ufm.edu\/es\/#primaryimage"},"thumbnailUrl":"https:\/\/prosperitylab.ufm.edu\/es\/wp-content\/uploads\/2025\/07\/PROSPERITY-LAB_banner4.png","datePublished":"2024-11-14T18:53:55+00:00","dateModified":"2025-07-29T13:39:42+00:00","breadcrumb":{"@id":"https:\/\/prosperitylab.ufm.edu\/es\/#breadcrumb"},"inLanguage":"es","potentialAction":[{"@type":"ReadAction","target":["https:\/\/prosperitylab.ufm.edu\/es\/"]}]},{"@type":"ImageObject","inLanguage":"es","@id":"https:\/\/prosperitylab.ufm.edu\/es\/#primaryimage","url":"https:\/\/prosperitylab.ufm.edu\/es\/wp-content\/uploads\/2025\/07\/PROSPERITY-LAB_banner4.png","contentUrl":"https:\/\/prosperitylab.ufm.edu\/es\/wp-content\/uploads\/2025\/07\/PROSPERITY-LAB_banner4.png","width":1921,"height":401},{"@type":"BreadcrumbList","@id":"https:\/\/prosperitylab.ufm.edu\/es\/#breadcrumb","itemListElement":[{"@type":"ListItem","position":1,"name":"Home","item":"https:\/\/prosperitylab.ufm.edu\/es\/"},{"@type":"ListItem","position":2,"name":"Prosperity Lab"}]},{"@type":"WebSite","@id":"https:\/\/prosperitylab.ufm.edu\/es\/#website","url":"https:\/\/prosperitylab.ufm.edu\/es\/","name":"Prosperity Lab","description":"Universidad Francisco Marroqu\u00edn","publisher":{"@id":"https:\/\/prosperitylab.ufm.edu\/es\/#organization"},"potentialAction":[{"@type":"SearchAction","target":{"@type":"EntryPoint","urlTemplate":"https:\/\/prosperitylab.ufm.edu\/es\/?s={search_term_string}"},"query-input":{"@type":"PropertyValueSpecification","valueRequired":true,"valueName":"search_term_string"}}],"inLanguage":"es"},{"@type":"Organization","@id":"https:\/\/prosperitylab.ufm.edu\/es\/#organization","name":"Prosperity Lab","url":"https:\/\/prosperitylab.ufm.edu\/es\/","logo":{"@type":"ImageObject","inLanguage":"es","@id":"https:\/\/prosperitylab.ufm.edu\/es\/#\/schema\/logo\/image\/","url":"https:\/\/prosperitylab.ufm.edu\/es\/wp-content\/uploads\/2024\/11\/0_02-LOGO_Negro-Prosperity-Lab.png","contentUrl":"https:\/\/prosperitylab.ufm.edu\/es\/wp-content\/uploads\/2024\/11\/0_02-LOGO_Negro-Prosperity-Lab.png","width":1437,"height":479,"caption":"Prosperity Lab"},"image":{"@id":"https:\/\/prosperitylab.ufm.edu\/es\/#\/schema\/logo\/image\/"}}]}},"meta_box":[],"_links":{"self":[{"href":"https:\/\/prosperitylab.ufm.edu\/es\/wp-json\/wp\/v2\/pages\/9","targetHints":{"allow":["GET"]}}],"collection":[{"href":"https:\/\/prosperitylab.ufm.edu\/es\/wp-json\/wp\/v2\/pages"}],"about":[{"href":"https:\/\/prosperitylab.ufm.edu\/es\/wp-json\/wp\/v2\/types\/page"}],"author":[{"embeddable":true,"href":"https:\/\/prosperitylab.ufm.edu\/es\/wp-json\/wp\/v2\/users\/1"}],"replies":[{"embeddable":true,"href":"https:\/\/prosperitylab.ufm.edu\/es\/wp-json\/wp\/v2\/comments?post=9"}],"version-history":[{"count":27,"href":"https:\/\/prosperitylab.ufm.edu\/es\/wp-json\/wp\/v2\/pages\/9\/revisions"}],"predecessor-version":[{"id":441,"href":"https:\/\/prosperitylab.ufm.edu\/es\/wp-json\/wp\/v2\/pages\/9\/revisions\/441"}],"wp:attachment":[{"href":"https:\/\/prosperitylab.ufm.edu\/es\/wp-json\/wp\/v2\/media?parent=9"}],"curies":[{"name":"wp","href":"https:\/\/api.w.org\/{rel}","templated":true}]}}